{"id":56,"date":"2020-05-01T03:27:50","date_gmt":"2020-05-01T03:27:50","guid":{"rendered":"http:\/\/puken.com.ar\/sumidas\/?page_id=56"},"modified":"2023-11-30T11:32:20","modified_gmt":"2023-11-30T14:32:20","slug":"semillas","status":"publish","type":"page","link":"https:\/\/sumidas.com.ar\/?page_id=56","title":{"rendered":"Semillas"},"content":{"rendered":"<p>[et_pb_section fb_built=\u00bb1&#8243; fullwidth=\u00bbon\u00bb _builder_version=\u00bb4.6.6&#8243; background_enable_image=\u00bboff\u00bb top_divider_color=\u00bb#ffffff\u00bb bottom_divider_style=\u00bbcurve\u00bb bottom_divider_color=\u00bb#ffffff\u00bb bottom_divider_style_last_edited=\u00bboff|phone\u00bb bottom_divider_height_tablet=\u00bb\u00bb bottom_divider_height_phone=\u00bb20px\u00bb bottom_divider_height_last_edited=\u00bbon|phone\u00bb global_colors_info=\u00bb{}\u00bb][et_pb_fullwidth_image src=\u00bbhttps:\/\/sumidas.com.ar\/wp-content\/uploads\/2020\/06\/231528-1.jpg\u00bb title_text=\u00bbSeedlings in the planting tray.\u00bb _builder_version=\u00bb4.10.6&#8243; transform_translate=\u00bb0px|-65px\u00bb transform_translate_linked=\u00bboff\u00bb max_height=\u00bb300px\u00bb custom_padding=\u00bb0px|||||\u00bb global_colors_info=\u00bb{}\u00bb][\/et_pb_fullwidth_image][\/et_pb_section][et_pb_section fb_built=\u00bb1&#8243; _builder_version=\u00bb4.5.7&#8243; _module_preset=\u00bbdefault\u00bb custom_padding=\u00bb40px||0px|||\u00bb global_colors_info=\u00bb{}\u00bb][et_pb_row column_structure=\u00bb1_5,3_5,1_5&#8243; use_custom_gutter=\u00bbon\u00bb gutter_width=\u00bb4&#8243; _builder_version=\u00bb4.6.6&#8243; custom_margin=\u00bb||40px||false|false\u00bb custom_padding=\u00bb||0px|||\u00bb global_colors_info=\u00bb{}\u00bb][et_pb_column type=\u00bb1_5&#8243; _builder_version=\u00bb4.4.4&#8243; global_colors_info=\u00bb{}\u00bb][\/et_pb_column][et_pb_column type=\u00bb3_5&#8243; _builder_version=\u00bb4.4.4&#8243; custom_padding=\u00bb|50px||50px|false|false\u00bb global_colors_info=\u00bb{}\u00bb][et_pb_text _builder_version=\u00bb4.6.6&#8243; header_text_align=\u00bbcenter\u00bb header_font_size=\u00bb57px\u00bb header_letter_spacing=\u00bb-1px\u00bb header_line_height=\u00bb0.8em\u00bb text_orientation=\u00bbcenter\u00bb custom_margin=\u00bb||13px|||\u00bb header_font_size_tablet=\u00bb\u00bb header_font_size_phone=\u00bb35px\u00bb header_font_size_last_edited=\u00bbon|phone\u00bb global_colors_info=\u00bb{}\u00bb]<\/p>\n<h1><b>Semillas<\/b><\/h1>\n<p>[\/et_pb_text][et_pb_divider color=\u00bb#47403d\u00bb _builder_version=\u00bb4.4.4&#8243; custom_margin=\u00bb||6px|||\u00bb custom_padding=\u00bb||0px|||\u00bb global_colors_info=\u00bb{}\u00bb][\/et_pb_divider][et_pb_text _builder_version=\u00bb4.4.4&#8243; text_line_height=\u00bb1.4em\u00bb custom_margin=\u00bb||24px|||\u00bb global_colors_info=\u00bb{}\u00bb]<\/p>\n<p><strong>Semillas de la m\u00e1s Alta calidad<\/strong> te ofrecemos un amplio portafolio de productos procedentes de los mejores semilleros del territorio nacional con gen\u00e9tica mundial, los \u00faltimos eventos y tecnolog\u00edas en todos los cultivos.\u00a0<\/p>\n<p>[\/et_pb_text][\/et_pb_column][et_pb_column type=\u00bb1_5&#8243; _builder_version=\u00bb4.4.4&#8243; global_colors_info=\u00bb{}\u00bb][\/et_pb_column][\/et_pb_row][\/et_pb_section][et_pb_section fb_built=\u00bb1&#8243; _builder_version=\u00bb4.4.4&#8243; custom_padding=\u00bb0px||100px|||\u00bb global_colors_info=\u00bb{}\u00bb][et_pb_row column_structure=\u00bb1_3,1_3,1_3&#8243; use_custom_gutter=\u00bbon\u00bb gutter_width=\u00bb2&#8243; _builder_version=\u00bb4.4.6&#8243; custom_padding=\u00bb0px|||||\u00bb global_colors_info=\u00bb{}\u00bb][et_pb_column type=\u00bb1_3&#8243; _builder_version=\u00bb4.4.6&#8243; global_colors_info=\u00bb{}\u00bb][et_pb_text _builder_version=\u00bb4.10.6&#8243; header_font=\u00bb|700|||||||\u00bb header_text_align=\u00bbcenter\u00bb header_text_color=\u00bb#ffffff\u00bb header_font_size=\u00bb40px\u00bb background_image=\u00bbhttps:\/\/sumidas.com.ar\/wp-content\/uploads\/2023\/11\/maiz.jpg\u00bb custom_margin=\u00bb||||false|false\u00bb custom_padding=\u00bb25%||25%||false|false\u00bb animation_style=\u00bbfade\u00bb link_option_url=\u00bbhttps:\/\/sumidas.com.ar\/?page_id=276&#8243; hover_enabled=\u00bb0&#8243; header_text_shadow_style=\u00bbpreset1&#8243; global_colors_info=\u00bb{}\u00bb filter_hue_rotate__hover_enabled=\u00bboff|desktop\u00bb filter_hue_rotate__hover=\u00bb0deg\u00bb filter_saturate__hover_enabled=\u00bbon|hover\u00bb filter_saturate__hover=\u00bb0%\u00bb sticky_enabled=\u00bb0&#8243; title_text=\u00bbma\u00edz\u00bb]<\/p>\n<h1>MA\u00cdZ<\/h1>\n<p>[\/et_pb_text][\/et_pb_column][et_pb_column type=\u00bb1_3&#8243; _builder_version=\u00bb4.4.6&#8243; global_colors_info=\u00bb{}\u00bb][et_pb_text _builder_version=\u00bb4.10.6&#8243; header_font=\u00bb|700|||||||\u00bb header_text_align=\u00bbcenter\u00bb header_text_color=\u00bb#ffffff\u00bb header_font_size=\u00bb40px\u00bb background_image=\u00bbhttps:\/\/sumidas.com.ar\/wp-content\/uploads\/2020\/06\/WEB_a-FORRAJE-ROLLIZO.jpg\u00bb custom_margin=\u00bb||||false|false\u00bb custom_padding=\u00bb25%||25%||false|false\u00bb animation_style=\u00bbfade\u00bb link_option_url=\u00bbhttps:\/\/sumidas.com.ar\/?page_id=755&#8243; hover_enabled=\u00bb0&#8243; header_text_shadow_style=\u00bbpreset1&#8243; global_colors_info=\u00bb{}\u00bb filter_saturate__hover_enabled=\u00bbon|hover\u00bb filter_saturate__hover=\u00bb0%\u00bb sticky_enabled=\u00bb0&#8243;]<\/p>\n<h1>FORRAJES<\/h1>\n<p>[\/et_pb_text][\/et_pb_column][et_pb_column type=\u00bb1_3&#8243; _builder_version=\u00bb4.4.6&#8243; global_colors_info=\u00bb{}\u00bb][et_pb_text _builder_version=\u00bb4.5.7&#8243; header_font=\u00bb|700|||||||\u00bb header_text_align=\u00bbcenter\u00bb header_text_color=\u00bb#ffffff\u00bb header_font_size=\u00bb40px\u00bb background_image=\u00bbhttps:\/\/sumidas.com.ar\/wp-content\/uploads\/2020\/06\/descarga.jpg\u00bb custom_margin=\u00bb||||false|false\u00bb custom_padding=\u00bb25%||25%||false|false\u00bb animation_style=\u00bbfade\u00bb link_option_url=\u00bbhttps:\/\/sumidas.com.ar\/?page_id=704&#8243; header_text_shadow_style=\u00bbpreset1&#8243; global_colors_info=\u00bb{}\u00bb filter_saturate__hover_enabled=\u00bbon|hover\u00bb filter_saturate__hover=\u00bb0%\u00bb]<\/p>\n<h1>GIRASOL<\/h1>\n<p>[\/et_pb_text][\/et_pb_column][\/et_pb_row][et_pb_row column_structure=\u00bb1_3,1_3,1_3&#8243; use_custom_gutter=\u00bbon\u00bb gutter_width=\u00bb2&#8243; _builder_version=\u00bb4.6.6&#8243; custom_padding=\u00bb0px||||false|false\u00bb global_colors_info=\u00bb{}\u00bb][et_pb_column type=\u00bb1_3&#8243; _builder_version=\u00bb4.4.6&#8243; link_option_url=\u00bbhttps:\/\/sumidas.com.ar\/?page_id=276&#8243; global_colors_info=\u00bb{}\u00bb][et_pb_text _builder_version=\u00bb4.5.7&#8243; header_font=\u00bb|700|||||||\u00bb header_text_align=\u00bbcenter\u00bb header_text_color=\u00bb#ffffff\u00bb header_font_size=\u00bb40px\u00bb background_image=\u00bbhttps:\/\/sumidas.com.ar\/wp-content\/uploads\/2020\/06\/alimnentos_trigo_crop1579535330841_crop1581385070471.jpg_1902800913.jpg\u00bb custom_margin=\u00bb||||false|false\u00bb custom_padding=\u00bb25%||25%||false|false\u00bb animation_style=\u00bbfade\u00bb link_option_url=\u00bbhttps:\/\/sumidas.com.ar\/?page_id=714&#8243; header_text_shadow_style=\u00bbpreset1&#8243; global_colors_info=\u00bb{}\u00bb filter_saturate__hover_enabled=\u00bbon|hover\u00bb filter_saturate__hover=\u00bb0%\u00bb]<\/p>\n<h1>TRIGO<\/h1>\n<p>[\/et_pb_text][\/et_pb_column][et_pb_column type=\u00bb1_3&#8243; _builder_version=\u00bb4.4.6&#8243; global_colors_info=\u00bb{}\u00bb][et_pb_text _builder_version=\u00bb4.9.4&#8243; header_font=\u00bb|700|||||||\u00bb header_text_align=\u00bbcenter\u00bb header_text_color=\u00bb#ffffff\u00bb header_font_size=\u00bb40px\u00bb background_image=\u00bbhttps:\/\/sumidas.com.ar\/wp-content\/uploads\/2021\/05\/SOJA.jpg\u00bb custom_margin=\u00bb||||false|false\u00bb custom_padding=\u00bb25%||25%||false|false\u00bb animation_style=\u00bbfade\u00bb link_option_url=\u00bbhttps:\/\/sumidas.com.ar\/?page_id=1878&#8243; header_text_shadow_style=\u00bbpreset1&#8243; global_colors_info=\u00bb{}\u00bb filter_saturate__hover_enabled=\u00bbon|hover\u00bb filter_saturate__hover=\u00bb0%\u00bb]<\/p>\n<h1>SOJA<\/h1>\n<p>[\/et_pb_text][\/et_pb_column][et_pb_column type=\u00bb1_3&#8243; _builder_version=\u00bb4.4.6&#8243; global_colors_info=\u00bb{}\u00bb][et_pb_text _builder_version=\u00bb4.5.7&#8243; header_font=\u00bb|700|||||||\u00bb header_text_align=\u00bbcenter\u00bb header_text_color=\u00bb#ffffff\u00bb header_font_size=\u00bb40px\u00bb background_image=\u00bbhttps:\/\/sumidas.com.ar\/wp-content\/uploads\/2020\/06\/unnamed.jpg\u00bb custom_margin=\u00bb||||false|false\u00bb custom_padding=\u00bb25%||25%||false|false\u00bb animation_style=\u00bbfade\u00bb link_option_url=\u00bbhttps:\/\/sumidas.com.ar\/?page_id=728&#8243; header_text_shadow_style=\u00bbpreset1&#8243; global_colors_info=\u00bb{}\u00bb filter_saturate__hover_enabled=\u00bbon|hover\u00bb filter_saturate__hover=\u00bb0%\u00bb]<\/p>\n<h1>SORGO<\/h1>\n<p>[\/et_pb_text][\/et_pb_column][\/et_pb_row][\/et_pb_section][et_pb_section fb_built=\u00bb1&#8243; prev_background_color=\u00bb#ffffff\u00bb _builder_version=\u00bb4.6.6&#8243; background_color=\u00bb#e9e9e9&#8243; top_divider_style=\u00bbcurve\u00bb top_divider_flip=\u00bbvertical\u00bb top_divider_height_tablet=\u00bb\u00bb top_divider_height_phone=\u00bb20px\u00bb top_divider_height_last_edited=\u00bbon|phone\u00bb global_colors_info=\u00bb{}\u00bb][et_pb_row column_structure=\u00bb1_2,1_2&#8243; _builder_version=\u00bb4.6.6&#8243; width=\u00bb55%\u00bb width_tablet=\u00bb\u00bb width_phone=\u00bb75%\u00bb width_last_edited=\u00bbon|phone\u00bb global_colors_info=\u00bb{}\u00bb][et_pb_column type=\u00bb1_2&#8243; _builder_version=\u00bb4.4.5&#8243; global_colors_info=\u00bb{}\u00bb][et_pb_contact_form _builder_version=\u00bb4.4.6&#8243; form_field_background_color=\u00bb#ffffff\u00bb form_field_text_color=\u00bbrgba(0,0,0,0.25)\u00bb form_field_custom_padding=\u00bb||||false|false\u00bb custom_button=\u00bbon\u00bb button_text_size=\u00bb17px\u00bb button_text_color=\u00bb#ffffff\u00bb button_bg_color=\u00bb#47403d\u00bb button_border_width=\u00bb0px\u00bb button_border_radius=\u00bb0px\u00bb button_font=\u00bb|700|||||||\u00bb button_icon=\u00bb%%57%%\u00bb global_colors_info=\u00bb{}\u00bb][et_pb_contact_field field_id=\u00bbName\u00bb field_title=\u00bbNombre\u00bb _builder_version=\u00bb3.16&#8243; global_colors_info=\u00bb{}\u00bb button_text_size__hover_enabled=\u00bboff\u00bb button_one_text_size__hover_enabled=\u00bboff\u00bb button_two_text_size__hover_enabled=\u00bboff\u00bb button_text_color__hover_enabled=\u00bboff\u00bb button_one_text_color__hover_enabled=\u00bboff\u00bb button_two_text_color__hover_enabled=\u00bboff\u00bb button_border_width__hover_enabled=\u00bboff\u00bb button_one_border_width__hover_enabled=\u00bboff\u00bb button_two_border_width__hover_enabled=\u00bboff\u00bb button_border_color__hover_enabled=\u00bboff\u00bb button_one_border_color__hover_enabled=\u00bboff\u00bb button_two_border_color__hover_enabled=\u00bboff\u00bb button_border_radius__hover_enabled=\u00bboff\u00bb button_one_border_radius__hover_enabled=\u00bboff\u00bb button_two_border_radius__hover_enabled=\u00bboff\u00bb button_letter_spacing__hover_enabled=\u00bboff\u00bb button_one_letter_spacing__hover_enabled=\u00bboff\u00bb button_two_letter_spacing__hover_enabled=\u00bboff\u00bb button_bg_color__hover_enabled=\u00bboff\u00bb button_one_bg_color__hover_enabled=\u00bboff\u00bb button_two_bg_color__hover_enabled=\u00bboff\u00bb][\/et_pb_contact_field][et_pb_contact_field field_id=\u00bbEmail\u00bb field_title=\u00bbEmail\u00bb field_type=\u00bbemail\u00bb _builder_version=\u00bb4.4.5&#8243; global_colors_info=\u00bb{}\u00bb button_text_size__hover_enabled=\u00bboff\u00bb button_one_text_size__hover_enabled=\u00bboff\u00bb button_two_text_size__hover_enabled=\u00bboff\u00bb button_text_color__hover_enabled=\u00bboff\u00bb button_one_text_color__hover_enabled=\u00bboff\u00bb button_two_text_color__hover_enabled=\u00bboff\u00bb button_border_width__hover_enabled=\u00bboff\u00bb button_one_border_width__hover_enabled=\u00bboff\u00bb button_two_border_width__hover_enabled=\u00bboff\u00bb button_border_color__hover_enabled=\u00bboff\u00bb button_one_border_color__hover_enabled=\u00bboff\u00bb button_two_border_color__hover_enabled=\u00bboff\u00bb button_border_radius__hover_enabled=\u00bboff\u00bb button_one_border_radius__hover_enabled=\u00bboff\u00bb button_two_border_radius__hover_enabled=\u00bboff\u00bb button_letter_spacing__hover_enabled=\u00bboff\u00bb button_one_letter_spacing__hover_enabled=\u00bboff\u00bb button_two_letter_spacing__hover_enabled=\u00bboff\u00bb button_bg_color__hover_enabled=\u00bboff\u00bb button_one_bg_color__hover_enabled=\u00bboff\u00bb button_two_bg_color__hover_enabled=\u00bboff\u00bb][\/et_pb_contact_field][et_pb_contact_field field_id=\u00bbMessage\u00bb field_title=\u00bbMensaje\u00bb field_type=\u00bbtext\u00bb fullwidth_field=\u00bbon\u00bb _builder_version=\u00bb3.16&#8243; global_colors_info=\u00bb{}\u00bb button_text_size__hover_enabled=\u00bboff\u00bb button_one_text_size__hover_enabled=\u00bboff\u00bb button_two_text_size__hover_enabled=\u00bboff\u00bb button_text_color__hover_enabled=\u00bboff\u00bb button_one_text_color__hover_enabled=\u00bboff\u00bb button_two_text_color__hover_enabled=\u00bboff\u00bb button_border_width__hover_enabled=\u00bboff\u00bb button_one_border_width__hover_enabled=\u00bboff\u00bb button_two_border_width__hover_enabled=\u00bboff\u00bb button_border_color__hover_enabled=\u00bboff\u00bb button_one_border_color__hover_enabled=\u00bboff\u00bb button_two_border_color__hover_enabled=\u00bboff\u00bb button_border_radius__hover_enabled=\u00bboff\u00bb button_one_border_radius__hover_enabled=\u00bboff\u00bb button_two_border_radius__hover_enabled=\u00bboff\u00bb button_letter_spacing__hover_enabled=\u00bboff\u00bb button_one_letter_spacing__hover_enabled=\u00bboff\u00bb button_two_letter_spacing__hover_enabled=\u00bboff\u00bb button_bg_color__hover_enabled=\u00bboff\u00bb button_one_bg_color__hover_enabled=\u00bboff\u00bb button_two_bg_color__hover_enabled=\u00bboff\u00bb][\/et_pb_contact_field][et_pb_contact_field field_id=\u00bbProvincia\u00bb field_title=\u00bbProvincia\u00bb required_mark=\u00bboff\u00bb fullwidth_field=\u00bbon\u00bb _builder_version=\u00bb4.4.6&#8243; global_colors_info=\u00bb{}\u00bb][\/et_pb_contact_field][et_pb_contact_field field_id=\u00bbrazon_social\u00bb field_title=\u00bbRaz\u00f3n social\u00bb fullwidth_field=\u00bbon\u00bb _builder_version=\u00bb4.4.6&#8243; global_colors_info=\u00bb{}\u00bb][\/et_pb_contact_field][et_pb_contact_field field_id=\u00bbTelefono\u00bb field_title=\u00bbTel\u00e9fono\u00bb fullwidth_field=\u00bbon\u00bb _builder_version=\u00bb4.4.6&#8243; global_colors_info=\u00bb{}\u00bb][\/et_pb_contact_field][\/et_pb_contact_form][\/et_pb_column][et_pb_column type=\u00bb1_2&#8243; _builder_version=\u00bb4.4.5&#8243; global_colors_info=\u00bb{}\u00bb][et_pb_image src=\u00bbhttps:\/\/sumidas.com.ar\/wp-content\/uploads\/2020\/05\/Asset-9@2x-1.png\u00bb title_text=\u00bbAsset 9@2x\u00bb _builder_version=\u00bb4.4.5&#8243; width=\u00bb32%\u00bb global_colors_info=\u00bb{}\u00bb][\/et_pb_image][et_pb_text _builder_version=\u00bb4.4.5&#8243; header_text_align=\u00bbcenter\u00bb header_font_size=\u00bb57px\u00bb header_letter_spacing=\u00bb-1px\u00bb header_line_height=\u00bb0.8em\u00bb text_orientation=\u00bbcenter\u00bb custom_margin=\u00bb||13px|||\u00bb custom_padding=\u00bb||0px|||\u00bb global_colors_info=\u00bb{}\u00bb]<\/p>\n<h1 style=\"text-align: left;\"><strong>Contacto<\/strong><\/h1>\n<p>[\/et_pb_text][et_pb_divider color=\u00bb#47403d\u00bb _builder_version=\u00bb4.4.5&#8243; custom_margin=\u00bb||6px|||\u00bb custom_padding=\u00bb||0px|||\u00bb global_colors_info=\u00bb{}\u00bb][\/et_pb_divider][et_pb_text _builder_version=\u00bb4.10.6&#8243; text_line_height=\u00bb1.4em\u00bb global_colors_info=\u00bb{}\u00bb]<\/p>\n<p>Dejanos tu comentario o consulta. Te responderemos a la brevedad. Cualquier consulta adicional te pod\u00e9s comunicar a trav\u00e9s de nuestro mail: <em><a href=\"mailto:info@sumidas.com.ar\">info@sumidas.com.ar<\/a><\/em><\/p>\n<p>[\/et_pb_text][\/et_pb_column][\/et_pb_row][\/et_pb_section][et_pb_section fb_built=\u00bb1&#8243; prev_background_color=\u00bb#e9e9e9&#8243; admin_label=\u00bbSecci\u00f3n\u00bb _builder_version=\u00bb4.6.6&#8243; background_color=\u00bb#0da74b\u00bb top_divider_style=\u00bbcurve\u00bb top_divider_flip=\u00bbvertical\u00bb top_divider_height_tablet=\u00bb\u00bb top_divider_height_phone=\u00bb20px\u00bb top_divider_height_last_edited=\u00bbon|phone\u00bb global_module=\u00bb944&#8243; global_colors_info=\u00bb{}\u00bb][et_pb_row _builder_version=\u00bb4.4.5&#8243; global_colors_info=\u00bb{}\u00bb][et_pb_column type=\u00bb4_4&#8243; _builder_version=\u00bb4.4.5&#8243; global_colors_info=\u00bb{}\u00bb][et_pb_social_media_follow icon_color=\u00bb#ffffff\u00bb use_icon_font_size=\u00bbon\u00bb icon_font_size=\u00bb25px\u00bb _builder_version=\u00bb4.7.1&#8243; text_orientation=\u00bbcenter\u00bb custom_margin=\u00bb||2px|||\u00bb border_radii=\u00bbon|0px|0px|0px|0px\u00bb border_color_all=\u00bb#ffffff\u00bb global_colors_info=\u00bb{}\u00bb][et_pb_social_media_follow_network social_network=\u00bbfacebook\u00bb url=\u00bbhttps:\/\/www.facebook.com\/sumidasjv\u00bb icon_color=\u00bb#ffffff\u00bb _builder_version=\u00bb4.5.7&#8243; background_enable_color=\u00bboff\u00bb border_width_right=\u00bb1px\u00bb global_colors_info=\u00bb{}\u00bb follow_button=\u00bboff\u00bb url_new_window=\u00bbon\u00bb]facebook[\/et_pb_social_media_follow_network][et_pb_social_media_follow_network social_network=\u00bbtwitter\u00bb url=\u00bbhttps:\/\/twitter.com\/sumidasjv\u00bb _builder_version=\u00bb4.5.7&#8243; background_enable_color=\u00bboff\u00bb border_width_right=\u00bb1px\u00bb global_colors_info=\u00bb{}\u00bb follow_button=\u00bboff\u00bb url_new_window=\u00bbon\u00bb]twitter[\/et_pb_social_media_follow_network][et_pb_social_media_follow_network social_network=\u00bbinstagram\u00bb url=\u00bbhttps:\/\/www.instagram.com\/sumidasjv\/\u00bb _builder_version=\u00bb4.5.7&#8243; background_enable_color=\u00bboff\u00bb global_colors_info=\u00bb{}\u00bb follow_button=\u00bboff\u00bb url_new_window=\u00bbon\u00bb]instagram[\/et_pb_social_media_follow_network][et_pb_social_media_follow_network social_network=\u00bblinkedin\u00bb url=\u00bbhttps:\/\/www.linkedin.com\/company\/sumidas-jv-sa\/\u00bb _builder_version=\u00bb4.7.1&#8243; _module_preset=\u00bbdefault\u00bb background_color=\u00bbrgba(0,0,0,0)\u00bb background_enable_color=\u00bboff\u00bb border_radii=\u00bboff||0px|0px|0px\u00bb border_width_left=\u00bb1px\u00bb global_colors_info=\u00bb{}\u00bb follow_button=\u00bboff\u00bb url_new_window=\u00bbon\u00bb]linkedin[\/et_pb_social_media_follow_network][\/et_pb_social_media_follow][et_pb_text _builder_version=\u00bb4.4.5&#8243; text_text_color=\u00bb#ffffff\u00bb text_font_size=\u00bb22px\u00bb text_orientation=\u00bbcenter\u00bb module_alignment=\u00bbcenter\u00bb global_colors_info=\u00bb{}\u00bb]<\/p>\n<p><strong>www.sumidas.com.ar<\/strong><\/p>\n<p>[\/et_pb_text][\/et_pb_column][\/et_pb_row][\/et_pb_section]<\/p>\n","protected":false},"excerpt":{"rendered":"<p>SemillasSemillas de la m\u00e1s Alta calidad te ofrecemos un amplio portafolio de productos procedentes de los mejores semilleros del territorio nacional con gen\u00e9tica mundial, los \u00faltimos eventos y tecnolog\u00edas en todos los cultivos.\u00a0MA\u00cdZFORRAJESGIRASOLTRIGOSOJASORGOContactoDejanos tu comentario o consulta. Te responderemos a la brevedad. Cualquier consulta adicional te pod\u00e9s comunicar a trav\u00e9s de nuestro mail: info@sumidas.com.arwww.sumidas.com.ar<\/p>\n","protected":false},"author":5,"featured_media":0,"parent":0,"menu_order":0,"comment_status":"closed","ping_status":"closed","template":"","meta":{"_et_pb_use_builder":"on","_et_pb_old_content":"","_et_gb_content_width":"","footnotes":""},"_links":{"self":[{"href":"https:\/\/sumidas.com.ar\/index.php?rest_route=\/wp\/v2\/pages\/56"}],"collection":[{"href":"https:\/\/sumidas.com.ar\/index.php?rest_route=\/wp\/v2\/pages"}],"about":[{"href":"https:\/\/sumidas.com.ar\/index.php?rest_route=\/wp\/v2\/types\/page"}],"author":[{"embeddable":true,"href":"https:\/\/sumidas.com.ar\/index.php?rest_route=\/wp\/v2\/users\/5"}],"replies":[{"embeddable":true,"href":"https:\/\/sumidas.com.ar\/index.php?rest_route=%2Fwp%2Fv2%2Fcomments&post=56"}],"version-history":[{"count":33,"href":"https:\/\/sumidas.com.ar\/index.php?rest_route=\/wp\/v2\/pages\/56\/revisions"}],"predecessor-version":[{"id":3019,"href":"https:\/\/sumidas.com.ar\/index.php?rest_route=\/wp\/v2\/pages\/56\/revisions\/3019"}],"wp:attachment":[{"href":"https:\/\/sumidas.com.ar\/index.php?rest_route=%2Fwp%2Fv2%2Fmedia&parent=56"}],"curies":[{"name":"wp","href":"https:\/\/api.w.org\/{rel}","templated":true}]}}